{"id":2,"date":"2024-06-27T23:33:44","date_gmt":"2024-06-27T21:33:44","guid":{"rendered":"https:\/\/ladysfirst.com\/?page_id=2"},"modified":"2024-06-28T12:59:16","modified_gmt":"2024-06-28T10:59:16","slug":"beispiel-seite","status":"publish","type":"page","link":"https:\/\/ladysfirst.com\/","title":{"rendered":"Vortr\u00e4ge"},"content":{"rendered":"\n<p>Buchen Sie mich f\u00fcr einen Vortrag<br>In packender, emotionaler Weise erz\u00e4hle ich Ihnen von meiner<br>Weltumrundung<br>IN REKORDZEIT ALLEINE MIT DEM MOTORRAD UM DIE WELT<br>Mit Fotos und Videosequenzen erg\u00e4nze ich den Vortrag und gemeinsam<br>erleben wir nochmals mein Abenteuer.<br>Erfahren sie mehr von den Wetterbedingungen, den Grenz\u00fcberg\u00e4ngen,<br>der ganzen Organisation aber auch von meinen \u00c4ngsten und Sorgen,<br>Hochs und Tiefs und vor allem, meinem Durchaltewillen.<br>Eine spannende Geschichte nicht \u201cnur\u201d f\u00fcr Motorrad fahrer.<br>Anfragen unter: info@ladysfirst.com<\/p>\n\n\n\n<div class=\"wpcf7 no-js\" id=\"wpcf7-f279-o1\" lang=\"de-CH\" dir=\"ltr\" data-wpcf7-id=\"279\">\n<div class=\"screen-reader-response\"><p role=\"status\" aria-live=\"polite\" aria-atomic=\"true\"><\/p> <ul><\/ul><\/div>\n<form action=\"\/index.php?rest_route=%2Fwp%2Fv2%2Fpages%2F2#wpcf7-f279-o1\" method=\"post\" class=\"wpcf7-form init\" aria-label=\"Contact form\" novalidate=\"novalidate\" data-status=\"init\">\n<div style=\"display: none;\">\n<input type=\"hidden\" name=\"_wpcf7\" value=\"279\" \/>\n<input type=\"hidden\" name=\"_wpcf7_version\" value=\"6.0.4\" \/>\n<input type=\"hidden\" name=\"_wpcf7_locale\" value=\"de_CH_informal\" \/>\n<input type=\"hidden\" name=\"_wpcf7_unit_tag\" value=\"wpcf7-f279-o1\" \/>\n<input type=\"hidden\" name=\"_wpcf7_container_post\" value=\"0\" \/>\n<input type=\"hidden\" name=\"_wpcf7_posted_data_hash\" value=\"\" \/>\n<input type=\"hidden\" name=\"_wpcf7_recaptcha_response\" value=\"\" \/>\n<\/div>\n<p><label> Ihr Name<br \/>\n<span class=\"wpcf7-form-control-wrap\" data-name=\"your-name\"><input size=\"40\" maxlength=\"400\" class=\"wpcf7-form-control wpcf7-text wpcf7-validates-as-required\" autocomplete=\"name\" aria-required=\"true\" aria-invalid=\"false\" value=\"\" type=\"text\" name=\"your-name\" \/><\/span> <\/label>\n<\/p>\n<p><label> Ihre email<br \/>\n<span class=\"wpcf7-form-control-wrap\" data-name=\"your-email\"><input size=\"40\" maxlength=\"400\" class=\"wpcf7-form-control wpcf7-email wpcf7-validates-as-required wpcf7-text wpcf7-validates-as-email\" autocomplete=\"email\" aria-required=\"true\" aria-invalid=\"false\" value=\"\" type=\"email\" name=\"your-email\" \/><\/span> <\/label>\n<\/p>\n<p><label> Telefon<br \/>\n<span class=\"wpcf7-form-control-wrap\" data-name=\"tel-468\"><input size=\"40\" maxlength=\"400\" class=\"wpcf7-form-control wpcf7-tel wpcf7-text wpcf7-validates-as-tel\" aria-invalid=\"false\" value=\"\" type=\"tel\" name=\"tel-468\" \/><\/span> <\/label>\n<\/p>\n<p><label> Betreff<br \/>\n<span class=\"wpcf7-form-control-wrap\" data-name=\"your-subject\"><input size=\"40\" maxlength=\"400\" class=\"wpcf7-form-control wpcf7-text wpcf7-validates-as-required\" aria-required=\"true\" aria-invalid=\"false\" value=\"\" type=\"text\" name=\"your-subject\" \/><\/span> <\/label>\n<\/p>\n<p><label> Ihre Nachricht (optional)<br \/>\n<span class=\"wpcf7-form-control-wrap\" data-name=\"your-message\"><textarea cols=\"40\" rows=\"10\" maxlength=\"2000\" class=\"wpcf7-form-control wpcf7-textarea\" aria-invalid=\"false\" name=\"your-message\"><\/textarea><\/span> <\/label>\n<\/p>\n<p><input class=\"wpcf7-form-control wpcf7-submit has-spinner\" type=\"submit\" value=\"Submit\" \/>\n<\/p><div class=\"wpcf7-response-output\" aria-hidden=\"true\"><\/div>\n<\/form>\n<\/div>\n\n","protected":false},"excerpt":{"rendered":"<p>Buchen Sie mich f\u00fcr einen VortragIn packender, emotionaler Weise erz\u00e4hle ich Ihnen von meinerWeltumrundungIN REKORDZEIT ALLEINE MIT DEM MOTORRAD UM DIE WELTMit Fotos und Videosequenzen erg\u00e4nze ich den Vortrag und gemeinsamerleben wir nochmals mein Abenteuer.Erfahren sie mehr von den Wetterbedingungen, den Grenz\u00fcberg\u00e4ngen,der ganzen Organisation aber auch von meinen \u00c4ngsten und Sorgen,Hochs und Tiefs und vor<\/p>\n<p class=\"more-link\"><a href=\"https:\/\/ladysfirst.com\/\" class=\"themebutton\">Read More<\/a><\/p>\n","protected":false},"author":1,"featured_media":0,"parent":0,"menu_order":0,"comment_status":"closed","ping_status":"open","template":"","meta":{"footnotes":""},"categories":[],"tags":[],"class_list":["post-2","page","type-page","status-publish","hentry"],"_links":{"self":[{"href":"https:\/\/ladysfirst.com\/index.php?rest_route=\/wp\/v2\/pages\/2","targetHints":{"allow":["GET"]}}],"collection":[{"href":"https:\/\/ladysfirst.com\/index.php?rest_route=\/wp\/v2\/pages"}],"about":[{"href":"https:\/\/ladysfirst.com\/index.php?rest_route=\/wp\/v2\/types\/page"}],"author":[{"embeddable":true,"href":"https:\/\/ladysfirst.com\/index.php?rest_route=\/wp\/v2\/users\/1"}],"replies":[{"embeddable":true,"href":"https:\/\/ladysfirst.com\/index.php?rest_route=%2Fwp%2Fv2%2Fcomments&post=2"}],"version-history":[{"count":5,"href":"https:\/\/ladysfirst.com\/index.php?rest_route=\/wp\/v2\/pages\/2\/revisions"}],"predecessor-version":[{"id":284,"href":"https:\/\/ladysfirst.com\/index.php?rest_route=\/wp\/v2\/pages\/2\/revisions\/284"}],"wp:attachment":[{"href":"https:\/\/ladysfirst.com\/index.php?rest_route=%2Fwp%2Fv2%2Fmedia&parent=2"}],"wp:term":[{"taxonomy":"category","embeddable":true,"href":"https:\/\/ladysfirst.com\/index.php?rest_route=%2Fwp%2Fv2%2Fcategories&post=2"},{"taxonomy":"post_tag","embeddable":true,"href":"https:\/\/ladysfirst.com\/index.php?rest_route=%2Fwp%2Fv2%2Ftags&post=2"}],"curies":[{"name":"wp","href":"https:\/\/api.w.org\/{rel}","templated":true}]}}